{"id":3206,"date":"2021-08-09T14:57:48","date_gmt":"2021-08-09T14:57:48","guid":{"rendered":"http:\/\/dummy.xtemos.com\/woodmart2\/?page_id=3206"},"modified":"2026-02-10T08:50:19","modified_gmt":"2026-02-10T08:50:19","slug":"registracija","status":"publish","type":"page","link":"https:\/\/congress.rs\/zvezdara-neuroloskidani\/registracija\/","title":{"rendered":"Registracija"},"content":{"rendered":"<div class=\"wpb-content-wrapper\"><p>[vc_row equal_height=&#8221;yes&#8221; css_animation=&#8221;fadeIn&#8221; css=&#8221;.vc_custom_1494510617612{margin-right: -50px !important;margin-left: -50px !important;}&#8221;][vc_column css=&#8221;.vc_custom_1496938621896{margin-bottom: 20px !important;border-right-width: 1px !important;padding-top: 15px !important;padding-right: 50px !important;padding-left: 50px !important;border-right-color: #e8e8e8 !important;border-right-style: solid !important;}&#8221; offset=&#8221;vc_col-lg-6 vc_col-md-6&#8243;]\t\t\n\t\t<div id=\"wd-6953f6a63076d\" class=\"title-wrapper wd-wpb set-mb-s reset-last-child  wd-rs-6953f6a63076d wd-title-color-default wd-underline-colored wd-title-style-default wd-width-100 text-left \">\n\t\t\t\t\t\t\t<div class=\"title-subtitle  subtitle-color-default font-default subtitle-style-default wd-font-weight- wd-fontsize-xs\">Gradska bolnica Zvezdara<\/div>\n\t\t\t\n\t\t\t<div class=\"liner-continer\">\n\t\t\t\t<h4 class=\"woodmart-title-container title  wd-font-weight- wd-fontsize-l\" >II STRU\u010cNI SIMPOZIJUM<br \/>\nNeurolo\u0161ki dani<\/h4>\n\t\t\t\t\t\t\t<\/div>\n\t\t\t\n\t\t\t\t\t\t\t<div class=\"title-after_title  set-cont-mb-s reset-last-child  wd-fontsize-xs\">Savremeni pristup u dijagnostici i le\u010denju neurodegenerativnih bolesti<\/div>\n\t\t\t\n\t\t\t\n\t\t<\/div>\n\t\t\n\t\t[vc_column_text woodmart_inline=&#8221;no&#8221; text_larger=&#8221;no&#8221;]Registracija je zatvorena. Hvala.[\/vc_column_text][\/vc_column][vc_column css=&#8221;.vc_custom_1496938627545{margin-bottom: 20px !important;padding-top: 15px !important;padding-right: 50px !important;padding-left: 50px !important;}&#8221; offset=&#8221;vc_col-lg-6 vc_col-md-6&#8243;]\t\t\n\t\t<div id=\"wd-6953f6b5aa599\" class=\"title-wrapper wd-wpb set-mb-s reset-last-child  wd-rs-6953f6b5aa599 wd-title-color-default wd-underline-colored wd-title-style-default wd-width-100 text-left \">\n\t\t\t\t\t\t\t<div class=\"title-subtitle  subtitle-color-default font-default subtitle-style-default wd-font-weight- wd-fontsize-xs\">II STRU\u010cNI SIMPOZIJUM 2026<\/div>\n\t\t\t\n\t\t\t<div class=\"liner-continer\">\n\t\t\t\t<h4 class=\"woodmart-title-container title  wd-font-weight- wd-fontsize-l\" >KOTIZACIJA OBUHVATA:<\/h4>\n\t\t\t\t\t\t\t<\/div>\n\t\t\t\n\t\t\t\t\t\t\t<div class=\"title-after_title  set-cont-mb-s reset-last-child  wd-fontsize-xs\">+ Identifikacioni bed\u017e<br \/>\n+ Prisustvo nau\u010dnom i prate\u0107em stru\u010dnom programu<br \/>\n+ Pristup izlo\u017ebenom prostoru sponzora<br \/>\n+ Kongresni materijal<br \/>\n+ Ru\u010dak i kafe pauze prema rasporedu u Programu<br \/>\n+ Potvrdu o u\u010de\u0161\u0107u<\/p>\n<p><strong>VA\u017dNO!<\/strong><br \/>\nNa osnovu navedenih podataka ispostavi\u0107emo predra\u010dun sa detaljima za uplatu.<br \/>\nUplatu mo\u017eete izvr\u0161iti u bilo kojoj po\u0161ti, banci, putem elektronskog ili mobilnog bankarstva.<\/p>\n<p><strong>VA\u017dNI DATUMI:<\/strong><\/p>\n<p>* 28. januar 2026. \u2013 rok za registraciju i uplatu kotizacije.<\/div>\n\t\t\t\n\t\t\t\n\t\t<\/div>\n\t\t\n\t\t[\/vc_column][\/vc_row][vc_row css=&#8221;.vc_custom_1769074369401{margin-right: 0px !important;margin-left: 0px !important;padding-top: 20px !important;padding-bottom: 20px !important;background-color: #EDE6E3 !important;}&#8221; mobile_bg_img_hidden=&#8221;no&#8221; tablet_bg_img_hidden=&#8221;no&#8221; woodmart_parallax=&#8221;0&#8243; woodmart_gradient_switch=&#8221;no&#8221; row_reverse_mobile=&#8221;0&#8243; row_reverse_tablet=&#8221;0&#8243; woodmart_disable_overflow=&#8221;0&#8243; wd_z_index=&#8221;no&#8221; woodmart_css_id=&#8221;6971eebd2b4a4&#8243; responsive_spacing=&#8221;eyJwYXJhbV90eXBlIjoid29vZG1hcnRfcmVzcG9uc2l2ZV9zcGFjaW5nIiwic2VsZWN0b3JfaWQiOiI2OTcxZWViZDJiNGE0Iiwic2hvcnRjb2RlIjoidmNfcm93IiwiZGF0YSI6eyJ0YWJsZXQiOnsibWFyZ2luLWJvdHRvbSI6IjgwcHgifSwibW9iaWxlIjp7Im1hcmdpbi1ib3R0b20iOiI2MHB4In19fQ==&#8221; woodmart_box_shadow=&#8221;no&#8221;][vc_column css=&#8221;.vc_custom_1620740505968{padding-top: 0px !important;}&#8221; mobile_bg_img_hidden=&#8221;no&#8221; tablet_bg_img_hidden=&#8221;no&#8221; woodmart_parallax=&#8221;0&#8243; woodmart_sticky_column=&#8221;false&#8221; parallax_scroll=&#8221;no&#8221; mobile_reset_margin=&#8221;no&#8221; tablet_reset_margin=&#8221;no&#8221;][vc_cta h2=&#8221;II STRU\u010cNI SIMPOZIJUM&#8221; h4=&#8221;Neurolo\u0161ki dani Gradske bolnice Zvezdara&#8221; add_button=&#8221;bottom&#8221; btn_title=&#8221;KONTAKT&#8221; btn_style=&#8221;outline&#8221; btn_color=&#8221;mulled-wine&#8221; css=&#8221;.vc_custom_1769074491846{margin-bottom: 0px !important;background-color: #F7F3F2 !important;}&#8221; btn_link=&#8221;url:https%3A%2F%2Fwww.faraway.rs%2Fkontakt%2F|target:_blank&#8221;]Tehni\u010dka realizacija FAR&amp;AWAY[\/vc_cta][\/vc_column][\/vc_row]<\/p>\n<\/div>","protected":false},"excerpt":{"rendered":"<p>[vc_row equal_height=&#8221;yes&#8221; css_animation=&#8221;fadeIn&#8221; css=&#8221;.vc_custom_1494510617612{margin-right: -50px !important;margin-left: -50px !important;}&#8221;][vc_column css=&#8221;.vc_custom_1496938621896{margin-bottom: 20px !important;border-right-width: 1px !important;padding-top: 15px !important;padding-right: 50px !important;padding-left: 50px !important;border-right-color: #e8e8e8<\/p>\n","protected":false},"author":2,"featured_media":0,"parent":0,"menu_order":0,"comment_status":"closed","ping_status":"closed","template":"","meta":{"footnotes":""},"class_list":["post-3206","page","type-page","status-publish","hentry"],"yoast_head":"<!-- This site is optimized with the Yoast SEO plugin v27.4 - https:\/\/yoast.com\/product\/yoast-seo-wordpress\/ -->\n<title>Registracija - Zvezdara - Neuroloski dani<\/title>\n<meta name=\"robots\" content=\"index, follow, max-snippet:-1, max-image-preview:large, max-video-preview:-1\" \/>\n<link rel=\"canonical\" href=\"https:\/\/congress.rs\/zvezdara-neuroloskidani\/registracija\/\" \/>\n<meta property=\"og:locale\" content=\"en_US\" \/>\n<meta property=\"og:type\" content=\"article\" \/>\n<meta property=\"og:title\" content=\"Registracija - Zvezdara - Neuroloski dani\" \/>\n<meta property=\"og:description\" content=\"[vc_row equal_height=&#8221;yes&#8221; css_animation=&#8221;fadeIn&#8221; css=&#8221;.vc_custom_1494510617612{margin-right: -50px !important;margin-left: -50px !important;}&#8221;][vc_column css=&#8221;.vc_custom_1496938621896{margin-bottom: 20px !important;border-right-width: 1px !important;padding-top: 15px !important;padding-right: 50px !important;padding-left: 50px !important;border-right-color: #e8e8e8\" \/>\n<meta property=\"og:url\" content=\"https:\/\/congress.rs\/zvezdara-neuroloskidani\/registracija\/\" \/>\n<meta property=\"og:site_name\" content=\"Zvezdara - Neuroloski dani\" \/>\n<meta property=\"article:modified_time\" content=\"2026-02-10T08:50:19+00:00\" \/>\n<meta name=\"twitter:card\" content=\"summary_large_image\" \/>\n<meta name=\"twitter:label1\" content=\"Est. reading time\" \/>\n\t<meta name=\"twitter:data1\" content=\"1 minute\" \/>\n<script type=\"application\/ld+json\" class=\"yoast-schema-graph\">{\"@context\":\"https:\\\/\\\/schema.org\",\"@graph\":[{\"@type\":\"WebPage\",\"@id\":\"https:\\\/\\\/congress.rs\\\/zvezdara-neuroloskidani\\\/registracija\\\/\",\"url\":\"https:\\\/\\\/congress.rs\\\/zvezdara-neuroloskidani\\\/registracija\\\/\",\"name\":\"Registracija - Zvezdara - Neuroloski dani\",\"isPartOf\":{\"@id\":\"https:\\\/\\\/congress.rs\\\/zvezdara-neuroloskidani\\\/#website\"},\"datePublished\":\"2021-08-09T14:57:48+00:00\",\"dateModified\":\"2026-02-10T08:50:19+00:00\",\"breadcrumb\":{\"@id\":\"https:\\\/\\\/congress.rs\\\/zvezdara-neuroloskidani\\\/registracija\\\/#breadcrumb\"},\"inLanguage\":\"en-US\",\"potentialAction\":[{\"@type\":\"ReadAction\",\"target\":[\"https:\\\/\\\/congress.rs\\\/zvezdara-neuroloskidani\\\/registracija\\\/\"]}]},{\"@type\":\"BreadcrumbList\",\"@id\":\"https:\\\/\\\/congress.rs\\\/zvezdara-neuroloskidani\\\/registracija\\\/#breadcrumb\",\"itemListElement\":[{\"@type\":\"ListItem\",\"position\":1,\"name\":\"Po\u010detna\",\"item\":\"https:\\\/\\\/congress.rs\\\/zvezdara-neuroloskidani\\\/\"},{\"@type\":\"ListItem\",\"position\":2,\"name\":\"Registracija\"}]},{\"@type\":\"WebSite\",\"@id\":\"https:\\\/\\\/congress.rs\\\/zvezdara-neuroloskidani\\\/#website\",\"url\":\"https:\\\/\\\/congress.rs\\\/zvezdara-neuroloskidani\\\/\",\"name\":\"Zvezdara - Neuroloski dani\",\"description\":\"\",\"potentialAction\":[{\"@type\":\"SearchAction\",\"target\":{\"@type\":\"EntryPoint\",\"urlTemplate\":\"https:\\\/\\\/congress.rs\\\/zvezdara-neuroloskidani\\\/?s={search_term_string}\"},\"query-input\":{\"@type\":\"PropertyValueSpecification\",\"valueRequired\":true,\"valueName\":\"search_term_string\"}}],\"inLanguage\":\"en-US\"}]}<\/script>\n<!-- \/ Yoast SEO plugin. -->","yoast_head_json":{"title":"Registracija - Zvezdara - Neuroloski dani","robots":{"index":"index","follow":"follow","max-snippet":"max-snippet:-1","max-image-preview":"max-image-preview:large","max-video-preview":"max-video-preview:-1"},"canonical":"https:\/\/congress.rs\/zvezdara-neuroloskidani\/registracija\/","og_locale":"en_US","og_type":"article","og_title":"Registracija - Zvezdara - Neuroloski dani","og_description":"[vc_row equal_height=&#8221;yes&#8221; css_animation=&#8221;fadeIn&#8221; css=&#8221;.vc_custom_1494510617612{margin-right: -50px !important;margin-left: -50px !important;}&#8221;][vc_column css=&#8221;.vc_custom_1496938621896{margin-bottom: 20px !important;border-right-width: 1px !important;padding-top: 15px !important;padding-right: 50px !important;padding-left: 50px !important;border-right-color: #e8e8e8","og_url":"https:\/\/congress.rs\/zvezdara-neuroloskidani\/registracija\/","og_site_name":"Zvezdara - Neuroloski dani","article_modified_time":"2026-02-10T08:50:19+00:00","twitter_card":"summary_large_image","twitter_misc":{"Est. reading time":"1 minute"},"schema":{"@context":"https:\/\/schema.org","@graph":[{"@type":"WebPage","@id":"https:\/\/congress.rs\/zvezdara-neuroloskidani\/registracija\/","url":"https:\/\/congress.rs\/zvezdara-neuroloskidani\/registracija\/","name":"Registracija - Zvezdara - Neuroloski dani","isPartOf":{"@id":"https:\/\/congress.rs\/zvezdara-neuroloskidani\/#website"},"datePublished":"2021-08-09T14:57:48+00:00","dateModified":"2026-02-10T08:50:19+00:00","breadcrumb":{"@id":"https:\/\/congress.rs\/zvezdara-neuroloskidani\/registracija\/#breadcrumb"},"inLanguage":"en-US","potentialAction":[{"@type":"ReadAction","target":["https:\/\/congress.rs\/zvezdara-neuroloskidani\/registracija\/"]}]},{"@type":"BreadcrumbList","@id":"https:\/\/congress.rs\/zvezdara-neuroloskidani\/registracija\/#breadcrumb","itemListElement":[{"@type":"ListItem","position":1,"name":"Po\u010detna","item":"https:\/\/congress.rs\/zvezdara-neuroloskidani\/"},{"@type":"ListItem","position":2,"name":"Registracija"}]},{"@type":"WebSite","@id":"https:\/\/congress.rs\/zvezdara-neuroloskidani\/#website","url":"https:\/\/congress.rs\/zvezdara-neuroloskidani\/","name":"Zvezdara - Neuroloski dani","description":"","potentialAction":[{"@type":"SearchAction","target":{"@type":"EntryPoint","urlTemplate":"https:\/\/congress.rs\/zvezdara-neuroloskidani\/?s={search_term_string}"},"query-input":{"@type":"PropertyValueSpecification","valueRequired":true,"valueName":"search_term_string"}}],"inLanguage":"en-US"}]}},"_links":{"self":[{"href":"https:\/\/congress.rs\/zvezdara-neuroloskidani\/wp-json\/wp\/v2\/pages\/3206","targetHints":{"allow":["GET"]}}],"collection":[{"href":"https:\/\/congress.rs\/zvezdara-neuroloskidani\/wp-json\/wp\/v2\/pages"}],"about":[{"href":"https:\/\/congress.rs\/zvezdara-neuroloskidani\/wp-json\/wp\/v2\/types\/page"}],"author":[{"embeddable":true,"href":"https:\/\/congress.rs\/zvezdara-neuroloskidani\/wp-json\/wp\/v2\/users\/2"}],"replies":[{"embeddable":true,"href":"https:\/\/congress.rs\/zvezdara-neuroloskidani\/wp-json\/wp\/v2\/comments?post=3206"}],"version-history":[{"count":13,"href":"https:\/\/congress.rs\/zvezdara-neuroloskidani\/wp-json\/wp\/v2\/pages\/3206\/revisions"}],"predecessor-version":[{"id":8028,"href":"https:\/\/congress.rs\/zvezdara-neuroloskidani\/wp-json\/wp\/v2\/pages\/3206\/revisions\/8028"}],"wp:attachment":[{"href":"https:\/\/congress.rs\/zvezdara-neuroloskidani\/wp-json\/wp\/v2\/media?parent=3206"}],"curies":[{"name":"wp","href":"https:\/\/api.w.org\/{rel}","templated":true}]}}